{"id":779,"date":"2025-09-24T17:43:17","date_gmt":"2025-09-24T15:43:17","guid":{"rendered":"https:\/\/grupo-365.com\/?page_id=779"},"modified":"2026-04-06T20:01:07","modified_gmt":"2026-04-06T18:01:07","slug":"productos","status":"publish","type":"page","link":"https:\/\/grupo-365.com\/en\/productos\/","title":{"rendered":"Products"},"content":{"rendered":"<p>         Explora nuestro cat\u00e1logo especializado en soluciones de iluminaci\u00f3n y material el\u00e9ctrico. En <strong>Grupo 365<\/strong> ofrecemos productos de alta calidad para proyectos residenciales, comerciales e industriales, garantizando eficiencia energ\u00e9tica y seguridad en cada instalaci\u00f3n.<\/p>","protected":false},"excerpt":{"rendered":"<p>Explora nuestro cat\u00e1logo especializado en soluciones de iluminaci\u00f3n y material el\u00e9ctrico. En Grupo 365 ofrecemos productos de alta calidad para proyectos residenciales, comerciales e industriales, garantizando eficiencia energ\u00e9tica y seguridad en cada instalaci\u00f3n.<\/p>","protected":false},"author":1,"featured_media":0,"parent":0,"menu_order":0,"comment_status":"closed","ping_status":"closed","template":"","meta":{"footnotes":""},"class_list":["post-779","page","type-page","status-publish","hentry"],"_links":{"self":[{"href":"https:\/\/grupo-365.com\/en\/wp-json\/wp\/v2\/pages\/779","targetHints":{"allow":["GET"]}}],"collection":[{"href":"https:\/\/grupo-365.com\/en\/wp-json\/wp\/v2\/pages"}],"about":[{"href":"https:\/\/grupo-365.com\/en\/wp-json\/wp\/v2\/types\/page"}],"author":[{"embeddable":true,"href":"https:\/\/grupo-365.com\/en\/wp-json\/wp\/v2\/users\/1"}],"replies":[{"embeddable":true,"href":"https:\/\/grupo-365.com\/en\/wp-json\/wp\/v2\/comments?post=779"}],"version-history":[{"count":0,"href":"https:\/\/grupo-365.com\/en\/wp-json\/wp\/v2\/pages\/779\/revisions"}],"wp:attachment":[{"href":"https:\/\/grupo-365.com\/en\/wp-json\/wp\/v2\/media?parent=779"}],"curies":[{"name":"wp","href":"https:\/\/api.w.org\/{rel}","templated":true}]}}